{"id":10471,"date":"2022-11-08T16:40:49","date_gmt":"2022-11-08T16:40:49","guid":{"rendered":"https:\/\/affinitypro.io\/?page_id=10471"},"modified":"2025-07-25T07:41:13","modified_gmt":"2025-07-25T07:41:13","slug":"terminos-y-condiciones","status":"publish","type":"page","link":"https:\/\/affinitypro.io\/es\/terminos-y-condiciones\/","title":{"rendered":"T\u00e9rminos y Condiciones"},"content":{"rendered":"\t\t<div data-elementor-type=\"wp-page\" data-elementor-id=\"10471\" class=\"elementor elementor-10471 elementor-10470\" data-elementor-post-type=\"page\">\n\t\t\t\t\t\t<section class=\"elementor-section elementor-top-section elementor-element elementor-element-a1de970 elementor-section-boxed elementor-section-height-default elementor-section-height-default\" data-id=\"a1de970\" data-element_type=\"section\" data-settings=\"{&quot;background_background&quot;:&quot;classic&quot;}\">\n\t\t\t\t\t\t<div class=\"elementor-container elementor-column-gap-default\">\n\t\t\t\t\t<div class=\"elementor-column elementor-col-100 elementor-top-column elementor-element elementor-element-5fbbfe8\" data-id=\"5fbbfe8\" data-element_type=\"column\">\n\t\t\t<div class=\"elementor-widget-wrap elementor-element-populated\">\n\t\t\t\t\t\t<div class=\"elementor-element elementor-element-410674a elementor-widget elementor-widget-spacer\" data-id=\"410674a\" data-element_type=\"widget\" data-widget_type=\"spacer.default\">\n\t\t\t\t<div class=\"elementor-widget-container\">\n\t\t\t\t\t\t\t<div class=\"elementor-spacer\">\n\t\t\t<div class=\"elementor-spacer-inner\"><\/div>\n\t\t<\/div>\n\t\t\t\t\t\t<\/div>\n\t\t\t\t<\/div>\n\t\t\t\t<div class=\"elementor-element elementor-element-1f9554c elementor-widget elementor-widget-heading\" data-id=\"1f9554c\" data-element_type=\"widget\" data-widget_type=\"heading.default\">\n\t\t\t\t<div class=\"elementor-widget-container\">\n\t\t\t\t\t<h1 class=\"elementor-heading-title elementor-size-default\">T\u00e9rminos y Condiciones<\/h1>\t\t\t\t<\/div>\n\t\t\t\t<\/div>\n\t\t\t\t<div class=\"elementor-element elementor-element-de4e462 elementor-widget elementor-widget-spacer\" data-id=\"de4e462\" data-element_type=\"widget\" data-widget_type=\"spacer.default\">\n\t\t\t\t<div class=\"elementor-widget-container\">\n\t\t\t\t\t\t\t<div class=\"elementor-spacer\">\n\t\t\t<div class=\"elementor-spacer-inner\"><\/div>\n\t\t<\/div>\n\t\t\t\t\t\t<\/div>\n\t\t\t\t<\/div>\n\t\t\t\t\t<\/div>\n\t\t<\/div>\n\t\t\t\t\t<\/div>\n\t\t<\/section>\n\t\t\t\t<section class=\"elementor-section elementor-top-section elementor-element elementor-element-292e7c25 elementor-section-boxed elementor-section-height-default elementor-section-height-default\" data-id=\"292e7c25\" data-element_type=\"section\">\n\t\t\t\t\t\t<div class=\"elementor-container elementor-column-gap-default\">\n\t\t\t\t\t<div class=\"elementor-column elementor-col-100 elementor-top-column elementor-element elementor-element-4f2c893\" data-id=\"4f2c893\" data-element_type=\"column\">\n\t\t\t<div class=\"elementor-widget-wrap elementor-element-populated\">\n\t\t\t\t\t\t<div class=\"elementor-element elementor-element-95d580c elementor-widget elementor-widget-spacer\" data-id=\"95d580c\" data-element_type=\"widget\" data-widget_type=\"spacer.default\">\n\t\t\t\t<div class=\"elementor-widget-container\">\n\t\t\t\t\t\t\t<div class=\"elementor-spacer\">\n\t\t\t<div class=\"elementor-spacer-inner\"><\/div>\n\t\t<\/div>\n\t\t\t\t\t\t<\/div>\n\t\t\t\t<\/div>\n\t\t\t\t<div class=\"elementor-element elementor-element-d95ab2e elementor-widget elementor-widget-text-editor\" data-id=\"d95ab2e\" data-element_type=\"widget\" data-widget_type=\"text-editor.default\">\n\t\t\t\t<div class=\"elementor-widget-container\">\n\t\t\t\t\t\t\t\t\t<p><strong>FuSEOnPro Tool T\u00e9rminos y condiciones<\/strong><\/p>\n<p>Estos son los t\u00e9rminos y condiciones que rigen el uso de FuSEOnPro Tool y de cualquier otro servicio que FuSEOnPro Tool, S.L. proporcione a sus clientes. Al utilizar o adquirir los servicios de FuSEOnPro Tool, usted est\u00e1 aceptando estos t\u00e9rminos y condiciones y est\u00e1 celebrando un contrato legalmente vinculante con FuSEOnPro Tool. Este acuerdo define la relaci\u00f3n entre FuSEOnPro Tool y usted. Si usted est\u00e1 celebrando este acuerdo en nombre de una empresa o de cualquier otra entidad legal, tambi\u00e9n declara que tiene la representaci\u00f3n para obligar a dicha entidad a cumplir con estos t\u00e9rminos. Si usted no tiene dicha autoridad, o si no est\u00e1 de acuerdo con estas condiciones, no debe aceptar este acuerdo y no puede utilizar los servicios de FuSEOnPro Tool.<\/p>\n<p>FuSEOnPro Tool puede modificar o rescindir cualquiera de los t\u00e9rminos de este acuerdo en cualquier momento y dicha modificaci\u00f3n o rescisi\u00f3n ser\u00e1 efectiva en el momento en que FuSEOnPro Tool publique los t\u00e9rminos revisados en el sitio web de FuSEOnPro Tool. El uso continuado de los servicios de FuSEOnPro Tool despu\u00e9s de que FuSEOnPro Tool haya publicado los t\u00e9rminos revisados significa que usted acepta dichos t\u00e9rminos revisados.<\/p>\n<p><strong>Servicio proporcionado por FuSEOnPro Tool <\/strong><\/p>\n<p>FuSEOnPro Tool proporciona servicios de linkbuilding. El cliente adquiere el derecho no exclusivo, intransferible y no sublicenciable de usar la versi\u00f3n actual de FuSEOnPro Tool limitada a estos t\u00e9rminos y condiciones.<\/p>\n<p><strong>Duraci\u00f3n, terminaci\u00f3n y compensaci\u00f3n del servicio<\/strong><\/p>\n<ul>\n<li>La duraci\u00f3n del contrato se mostrar\u00e1 al cliente durante el registro.<\/li>\n<li>El servicio puede ser cancelado en cualquier momento con un preaviso de al menos siete d\u00edas antes de la finalizaci\u00f3n de cada per\u00edodo contractual.<\/li>\n<li>El derecho a cancelar inmediatamente el servicio por razones justificadas queda a salvo. FuSEOnPro Tool podr\u00eda necesitar terminar el contrato si:<\/li>\n<li>el cliente se niega a pagar el precio despu\u00e9s de una advertencia, o si su m\u00e9todo de pago es rechazado,<\/li>\n<li>se presenta la solicitud de apertura de un procedimiento de insolvencia con respecto al cliente,<\/li>\n<li>el cliente incumpli\u00f3 sus obligaciones de conformidad con los t\u00e9rminos y condiciones.<\/li>\n<\/ul>\n<p><strong>Uso de la herramienta FuSEOnPro <\/strong><\/p>\n<p>El usuario no utilizar\u00e1 la herramienta FuSEOnPro para ning\u00fan prop\u00f3sito que sea ilegal, infractor, obsceno, abusivo o de cualquier manera ofensiva. El usuario es legalmente responsable de cualquier reclamaci\u00f3n que resulte del acceso y uso de FuSEOnPro Tool por parte del usuario, e indemniza y exime a FuSEOnPro Tool de toda responsabilidad por cualquier reclamaci\u00f3n que surja del mismo.<\/p>\n<p>Bajo ninguna circunstancia los usuarios pueden divulgar, registrar o abusar de cualquier informaci\u00f3n perteneciente a FuSEOnPro Tool.<\/p>\n<p>FuSEOnPro Tool se reserva el derecho de cancelar cualquier enlace dentro de nuestro sistema que redirija a servicios que no sean propiedad o est\u00e9n controlados por el usuario.<\/p>\n<p><strong>Pagos<\/strong><\/p>\n<p>Los servicios de FuSEOnPro Tool se ofrecen mediante pago por adelantado, FuSEOnPro Tool acepta pagos a trav\u00e9s de PayPal o tarjeta de cr\u00e9dito.<\/p>\n<ul>\n<li>La tarifa\/precio por el uso de FuSEOnPro Tool depende de la versi\u00f3n y duraci\u00f3n del contrato elegido por el cliente, que se le mostrar\u00e1 en el momento de la inscripci\u00f3n.<\/li>\n<li>Todos los cargos son netos, sin incluir impuestos o cualquier otro coste (si corresponde).<\/li>\n<li>El pago por el uso de FuSEOnPro Tool debe realizarse al inicio del per\u00edodo de servicios acordado. En caso de pr\u00f3rroga autom\u00e1tica, el pago acordado vencer\u00e1 en la fecha de la renovaci\u00f3n autom\u00e1tica por el mismo importe.<\/li>\n<li>El pago se realizar\u00e1 seg\u00fan el m\u00e9todo que el cliente haya elegido al registrarse.<\/li>\n<li>En el caso de que los cargos acordados no puedan ser cobrados al cliente dentro de los 7 d\u00edas siguientes a la facturaci\u00f3n e ingresados en la cuenta de FuSEOnPro Tool, FuSEOnPro Tool podr\u00e1 cancelar el acceso al servicio sin previo aviso. FuSEOnPro Tool se reserva el derecho de hacer valer otras reclamaciones debido a retrasos en los pagos.<\/li>\n<li>Los pagos efectuados en el apartado Wallet no se restituir\u00e1n al usuario en caso de que cancele su cuenta, se transferir\u00e1n a una cuenta Afreenity.<\/li>\n<\/ul>\n<p><strong>Obligaciones de confidencialidad de la herramienta FuSEOnPro<\/strong><\/p>\n<p>La Informaci\u00f3n, y todos los derechos, t\u00edtulos e intereses del cliente, permanecer\u00e1n como propiedad \u00fanica y exclusiva suya, y constituir\u00e1n secretos comerciales de titularidad de dicho cliente. FuSEOnPro Tool no usar\u00e1, reproducir\u00e1, o directa o indirectamente divulgar\u00e1 o permitir\u00e1 el acceso a la Informaci\u00f3n excepto cuando sea necesario para facilitar la relaci\u00f3n. Esta obligaci\u00f3n se har\u00e1 efectiva cuando nuestro cliente comience a utilizar la herramienta FuSEOnPro. Las obligaciones aqu\u00ed contenidas permanecer\u00e1n vigentes al final de la relaci\u00f3n comercial por un per\u00edodo adicional de dos a\u00f1os.<\/p>\n<p>FuSEOnPro Tool proteger\u00e1 la confidencialidad de la Informaci\u00f3n con al menos la misma diligencia y cuidado con que protege la confidencialidad de su propia informaci\u00f3n.<\/p>\n<p>La Herramienta FuSEOnPro no revelar\u00e1, directa o indirectamente, a ninguna persona o entidad ni utilizar\u00e1, directa o indirectamente, ninguna de la informaci\u00f3n de sus usuarios.<\/p>\n<p>En caso de terminaci\u00f3n, por cualquier raz\u00f3n, de la relaci\u00f3n entre la FuSEOnPro Tool y el cliente, o a petici\u00f3n de dicho cliente, FuSEOnPro Tool destruir\u00e1 dicha Informaci\u00f3n y copias seg\u00fan lo indicado por el cliente solicitante.<\/p>\n<p>FuSEOnPro Tool no ser\u00e1 responsable de la divulgaci\u00f3n de la Informaci\u00f3n cuando ocurra uno o m\u00e1s de los siguientes casos:<\/p>\n<ul>\n<li>(a) la Informaci\u00f3n pase a ser de dominio p\u00fablico;<\/li>\n<li>(b) la Informaci\u00f3n sea obtenida legalmente por la otra parte de un tercero o terceros;<\/li>\n<li>(c) el cliente haya dado su consentimiento previo, expreso y por escrito, para la divulgaci\u00f3n de la Informaci\u00f3n.<\/li>\n<li>(d) la Informaci\u00f3n sea divulgada seg\u00fan lo requiera la ley en relaci\u00f3n con un tribunal o procedimiento regulatorio apropiado.<\/li>\n<\/ul>\n<p><strong>Descargo de responsabilidad de las garant\u00edas<\/strong><\/p>\n<p>El servicio FuSEOnPro Tool se ofrece tal y como se contrata por el cliente y seg\u00fan su disponibilidad. En la medida de lo permitido por la ley aplicable, FuSEOnPro Tool no hace ninguna declaraci\u00f3n o garant\u00eda de ning\u00fan tipo, expresa o impl\u00edcita, con respecto al uso o los resultados de FuSEOnPro Tool en t\u00e9rminos de su exactitud, exactitud, fiabilidad, o cualquier otro. FuSEOnPro Tool no tendr\u00e1 ninguna responsabilidad por cualquier interrupci\u00f3n en el uso de los servicios de FuSEOnPro Tool. FuSEOnPro Tool Company no proporciona ninguna garant\u00eda con respecto a la informaci\u00f3n proporcionada, incluyendo las garant\u00edas impl\u00edcitas de comerciabilidad e idoneidad para un prop\u00f3sito particular, y de no infracci\u00f3n.<\/p>\n<p><strong>Limitaci\u00f3n de responsabilidad<\/strong><\/p>\n<p>FuSEOnPro Tool no ser\u00e1 responsable de ning\u00fan da\u00f1o, y en particular FuSEOnPro Tool no ser\u00e1 responsable de ning\u00fan da\u00f1o especial, indirecto, consecuente o incidental, o da\u00f1os por p\u00e9rdida de ganancias, p\u00e9rdida de ingresos, o p\u00e9rdida de uso, que surjan o est\u00e9n relacionados con los servicios de FuSEOnPro Tool, ya sea que dichos da\u00f1os surjan en un contrato, negligencia, da\u00f1o, por ley, por equidad, o de cualquier otra manera, incluso si FuSEOnPro Tool ha sido advertido de la posibilidad de tales da\u00f1os. Adicionalmente, FuSEOnPro Tool no ser\u00e1 en ning\u00fan caso responsable de las modificaciones o cancelaciones realizadas por terceras partes que se hayan contratado a trav\u00e9s de FuSEOnPro Tool, en particular de la disponibilidad de art\u00edculos, rese\u00f1as , etc\u2026<\/p>\n<p><strong>Indemnizaci\u00f3n<\/strong><\/p>\n<p>El Cliente se compromete a indemnizar y mantener indemne a FuSEOnPro Tool, a sus empresas matrices, subsidiarias, afiliadas, oficiales y empleados, de cualquier reclamaci\u00f3n o demanda, incluyendo honorarios razonables de abogados y costas, hecha por cualquier tercero debido a o que surja del uso del servicio de FuSEOnPro Tool, la violaci\u00f3n de este acuerdo, o infracci\u00f3n por parte del cliente.<\/p>\n<p><strong>Modificaciones e Interrupci\u00f3n de los servicios de la Herramienta FuSEOnPro<\/strong><\/p>\n<p>FuSEOnPro Tool se reserva el derecho de modificar o interrumpir el servicio de FuSEOnPro Tool con o sin previo aviso al cliente. FuSEOnPro Tool no ser\u00e1 responsable ante el cliente ni ante terceros en caso de que FuSEOnPro Tool ejerza su derecho a modificar o interrumpir el servicio de FuSEOnPro Tool. El Cliente reconoce y acepta que FuSEOnPro Tool no garantiza un funcionamiento continuo, ininterrumpido o seguro que pueda verse interferido o afectado negativamente por numerosos factores o circunstancias fuera de nuestro control.<\/p>\n\t\t\t\t\t\t\t\t<\/div>\n\t\t\t\t<\/div>\n\t\t\t\t\t<\/div>\n\t\t<\/div>\n\t\t\t\t\t<\/div>\n\t\t<\/section>\n\t\t\t\t<section class=\"elementor-section elementor-top-section elementor-element elementor-element-2ca8db0 elementor-section-boxed elementor-section-height-default elementor-section-height-default\" data-id=\"2ca8db0\" data-element_type=\"section\">\n\t\t\t\t\t\t\t<div class=\"elementor-background-overlay\"><\/div>\n\t\t\t\t\t\t\t<div class=\"elementor-container elementor-column-gap-default\">\n\t\t\t\t\t<div class=\"elementor-column elementor-col-100 elementor-top-column elementor-element elementor-element-86703bc\" data-id=\"86703bc\" data-element_type=\"column\" data-settings=\"{&quot;background_background&quot;:&quot;classic&quot;}\">\n\t\t\t<div class=\"elementor-widget-wrap elementor-element-populated\">\n\t\t\t\t\t\t<div class=\"elementor-element elementor-element-d60203e elementor-widget elementor-widget-spacer\" data-id=\"d60203e\" data-element_type=\"widget\" data-widget_type=\"spacer.default\">\n\t\t\t\t<div class=\"elementor-widget-container\">\n\t\t\t\t\t\t\t<div class=\"elementor-spacer\">\n\t\t\t<div class=\"elementor-spacer-inner\"><\/div>\n\t\t<\/div>\n\t\t\t\t\t\t<\/div>\n\t\t\t\t<\/div>\n\t\t\t\t\t<\/div>\n\t\t<\/div>\n\t\t\t\t\t<\/div>\n\t\t<\/section>\n\t\t\t\t<\/div>\n\t\t","protected":false},"excerpt":{"rendered":"<p>T\u00c3\u00a9rminos y Condiciones FuSEOnPro Tool T\u00c3\u00a9rminos y condiciones Estos son los t\u00c3\u00a9rminos y condiciones que rigen el uso de FuSEOnPro Tool y de cualquier otro servicio que FuSEOnPro Tool, S.L. proporcione a sus clientes. Al utilizar o adquirir los servicios de FuSEOnPro Tool, usted est\u00c3\u00a1 aceptando estos t\u00c3\u00a9rminos y condiciones y est\u00c3\u00a1 celebrando un contrato&hellip;<\/p>\n","protected":false},"author":1,"featured_media":0,"parent":0,"menu_order":0,"comment_status":"closed","ping_status":"closed","template":"elementor_header_footer","meta":{"inline_featured_image":false,"footnotes":""},"class_list":["post-10471","page","type-page","status-publish","hentry"],"yoast_head":"<!-- This site is optimized with the Yoast SEO plugin v26.2 - https:\/\/yoast.com\/wordpress\/plugins\/seo\/ -->\n<title>T\u00e9rminos y Condiciones - Affinity PRo<\/title>\n<meta name=\"robots\" content=\"index, follow, max-snippet:-1, max-image-preview:large, max-video-preview:-1\" \/>\n<link rel=\"canonical\" href=\"https:\/\/affinitypro.io\/es\/terminos-y-condiciones\/\" \/>\n<meta property=\"og:locale\" content=\"es_ES\" \/>\n<meta property=\"og:type\" content=\"article\" \/>\n<meta property=\"og:title\" content=\"T\u00e9rminos y Condiciones - Affinity PRo\" \/>\n<meta property=\"og:description\" content=\"T\u00c3\u00a9rminos y Condiciones FuSEOnPro Tool T\u00c3\u00a9rminos y condiciones Estos son los t\u00c3\u00a9rminos y condiciones que rigen el uso de FuSEOnPro Tool y de cualquier otro servicio que FuSEOnPro Tool, S.L. proporcione a sus clientes. Al utilizar o adquirir los servicios de FuSEOnPro Tool, usted est\u00c3\u00a1 aceptando estos t\u00c3\u00a9rminos y condiciones y est\u00c3\u00a1 celebrando un contrato&hellip;\" \/>\n<meta property=\"og:url\" content=\"https:\/\/affinitypro.io\/es\/terminos-y-condiciones\/\" \/>\n<meta property=\"og:site_name\" content=\"Affinity PRo\" \/>\n<meta property=\"article:modified_time\" content=\"2025-07-25T07:41:13+00:00\" \/>\n<meta name=\"twitter:card\" content=\"summary_large_image\" \/>\n<meta name=\"twitter:label1\" content=\"Tiempo de lectura\" \/>\n\t<meta name=\"twitter:data1\" content=\"6 minutos\" \/>\n<script type=\"application\/ld+json\" class=\"yoast-schema-graph\">{\"@context\":\"https:\/\/schema.org\",\"@graph\":[{\"@type\":\"WebPage\",\"@id\":\"https:\/\/affinitypro.io\/es\/terminos-y-condiciones\/\",\"url\":\"https:\/\/affinitypro.io\/es\/terminos-y-condiciones\/\",\"name\":\"T\u00e9rminos y Condiciones - Affinity PRo\",\"isPartOf\":{\"@id\":\"https:\/\/affinitypro.io\/#website\"},\"datePublished\":\"2022-11-08T16:40:49+00:00\",\"dateModified\":\"2025-07-25T07:41:13+00:00\",\"breadcrumb\":{\"@id\":\"https:\/\/affinitypro.io\/es\/terminos-y-condiciones\/#breadcrumb\"},\"inLanguage\":\"es\",\"potentialAction\":[{\"@type\":\"ReadAction\",\"target\":[\"https:\/\/affinitypro.io\/es\/terminos-y-condiciones\/\"]}]},{\"@type\":\"BreadcrumbList\",\"@id\":\"https:\/\/affinitypro.io\/es\/terminos-y-condiciones\/#breadcrumb\",\"itemListElement\":[{\"@type\":\"ListItem\",\"position\":1,\"name\":\"Portada\",\"item\":\"https:\/\/affinitypro.io\/es\/\"},{\"@type\":\"ListItem\",\"position\":2,\"name\":\"T\u00c3\u00a9rminos y Condiciones\"}]},{\"@type\":\"WebSite\",\"@id\":\"https:\/\/affinitypro.io\/#website\",\"url\":\"https:\/\/affinitypro.io\/\",\"name\":\"Affinity PRo\",\"description\":\"Ethical Link Building tool | Digital PR tool - LinkAffinity\",\"publisher\":{\"@id\":\"https:\/\/affinitypro.io\/#organization\"},\"potentialAction\":[{\"@type\":\"SearchAction\",\"target\":{\"@type\":\"EntryPoint\",\"urlTemplate\":\"https:\/\/affinitypro.io\/?s={search_term_string}\"},\"query-input\":{\"@type\":\"PropertyValueSpecification\",\"valueRequired\":true,\"valueName\":\"search_term_string\"}}],\"inLanguage\":\"es\"},{\"@type\":\"Organization\",\"@id\":\"https:\/\/affinitypro.io\/#organization\",\"name\":\"Link Affinity\",\"url\":\"https:\/\/affinitypro.io\/\",\"logo\":{\"@type\":\"ImageObject\",\"inLanguage\":\"es\",\"@id\":\"https:\/\/affinitypro.io\/#\/schema\/logo\/image\/\",\"url\":\"https:\/\/affinitypro.io\/wp-content\/uploads\/2022\/05\/link-affinity-logo-350x100px.png\",\"contentUrl\":\"https:\/\/affinitypro.io\/wp-content\/uploads\/2022\/05\/link-affinity-logo-350x100px.png\",\"width\":350,\"height\":100,\"caption\":\"Link Affinity\"},\"image\":{\"@id\":\"https:\/\/affinitypro.io\/#\/schema\/logo\/image\/\"}}]}<\/script>\n<!-- \/ Yoast SEO plugin. -->","yoast_head_json":{"title":"T\u00e9rminos y Condiciones - Affinity PRo","robots":{"index":"index","follow":"follow","max-snippet":"max-snippet:-1","max-image-preview":"max-image-preview:large","max-video-preview":"max-video-preview:-1"},"canonical":"https:\/\/affinitypro.io\/es\/terminos-y-condiciones\/","og_locale":"es_ES","og_type":"article","og_title":"T\u00e9rminos y Condiciones - Affinity PRo","og_description":"T\u00c3\u00a9rminos y Condiciones FuSEOnPro Tool T\u00c3\u00a9rminos y condiciones Estos son los t\u00c3\u00a9rminos y condiciones que rigen el uso de FuSEOnPro Tool y de cualquier otro servicio que FuSEOnPro Tool, S.L. proporcione a sus clientes. Al utilizar o adquirir los servicios de FuSEOnPro Tool, usted est\u00c3\u00a1 aceptando estos t\u00c3\u00a9rminos y condiciones y est\u00c3\u00a1 celebrando un contrato&hellip;","og_url":"https:\/\/affinitypro.io\/es\/terminos-y-condiciones\/","og_site_name":"Affinity PRo","article_modified_time":"2025-07-25T07:41:13+00:00","twitter_card":"summary_large_image","twitter_misc":{"Tiempo de lectura":"6 minutos"},"schema":{"@context":"https:\/\/schema.org","@graph":[{"@type":"WebPage","@id":"https:\/\/affinitypro.io\/es\/terminos-y-condiciones\/","url":"https:\/\/affinitypro.io\/es\/terminos-y-condiciones\/","name":"T\u00e9rminos y Condiciones - Affinity PRo","isPartOf":{"@id":"https:\/\/affinitypro.io\/#website"},"datePublished":"2022-11-08T16:40:49+00:00","dateModified":"2025-07-25T07:41:13+00:00","breadcrumb":{"@id":"https:\/\/affinitypro.io\/es\/terminos-y-condiciones\/#breadcrumb"},"inLanguage":"es","potentialAction":[{"@type":"ReadAction","target":["https:\/\/affinitypro.io\/es\/terminos-y-condiciones\/"]}]},{"@type":"BreadcrumbList","@id":"https:\/\/affinitypro.io\/es\/terminos-y-condiciones\/#breadcrumb","itemListElement":[{"@type":"ListItem","position":1,"name":"Portada","item":"https:\/\/affinitypro.io\/es\/"},{"@type":"ListItem","position":2,"name":"T\u00c3\u00a9rminos y Condiciones"}]},{"@type":"WebSite","@id":"https:\/\/affinitypro.io\/#website","url":"https:\/\/affinitypro.io\/","name":"Affinity PRo","description":"Ethical Link Building tool | Digital PR tool - LinkAffinity","publisher":{"@id":"https:\/\/affinitypro.io\/#organization"},"potentialAction":[{"@type":"SearchAction","target":{"@type":"EntryPoint","urlTemplate":"https:\/\/affinitypro.io\/?s={search_term_string}"},"query-input":{"@type":"PropertyValueSpecification","valueRequired":true,"valueName":"search_term_string"}}],"inLanguage":"es"},{"@type":"Organization","@id":"https:\/\/affinitypro.io\/#organization","name":"Link Affinity","url":"https:\/\/affinitypro.io\/","logo":{"@type":"ImageObject","inLanguage":"es","@id":"https:\/\/affinitypro.io\/#\/schema\/logo\/image\/","url":"https:\/\/affinitypro.io\/wp-content\/uploads\/2022\/05\/link-affinity-logo-350x100px.png","contentUrl":"https:\/\/affinitypro.io\/wp-content\/uploads\/2022\/05\/link-affinity-logo-350x100px.png","width":350,"height":100,"caption":"Link Affinity"},"image":{"@id":"https:\/\/affinitypro.io\/#\/schema\/logo\/image\/"}}]}},"_links":{"self":[{"href":"https:\/\/affinitypro.io\/es\/wp-json\/wp\/v2\/pages\/10471","targetHints":{"allow":["GET"]}}],"collection":[{"href":"https:\/\/affinitypro.io\/es\/wp-json\/wp\/v2\/pages"}],"about":[{"href":"https:\/\/affinitypro.io\/es\/wp-json\/wp\/v2\/types\/page"}],"author":[{"embeddable":true,"href":"https:\/\/affinitypro.io\/es\/wp-json\/wp\/v2\/users\/1"}],"replies":[{"embeddable":true,"href":"https:\/\/affinitypro.io\/es\/wp-json\/wp\/v2\/comments?post=10471"}],"version-history":[{"count":0,"href":"https:\/\/affinitypro.io\/es\/wp-json\/wp\/v2\/pages\/10471\/revisions"}],"wp:attachment":[{"href":"https:\/\/affinitypro.io\/es\/wp-json\/wp\/v2\/media?parent=10471"}],"curies":[{"name":"wp","href":"https:\/\/api.w.org\/{rel}","templated":true}]}}